{"id":34,"date":"2012-05-22T20:45:12","date_gmt":"2012-05-22T20:45:12","guid":{"rendered":"http:\/\/aliquando.id-3.net\/?page_id=34"},"modified":"2018-05-22T16:05:25","modified_gmt":"2018-05-22T20:05:25","slug":"me-contacter","status":"publish","type":"page","link":"https:\/\/nancyaubry.com\/en\/me-contacter\/","title":{"rendered":"Contact me"},"content":{"rendered":"","protected":false},"excerpt":{"rendered":"","protected":false},"author":1,"featured_media":0,"parent":0,"menu_order":999,"comment_status":"open","ping_status":"closed","template":"t_contact.php","meta":{"_acf_changed":false,"footnotes":""},"class_list":["post-34","page","type-page","status-publish","hentry"],"acf":[],"yoast_head":"<!-- This site is optimized with the Yoast SEO plugin v26.7 - https:\/\/yoast.com\/wordpress\/plugins\/seo\/ -->\n<title>Courtier immobilier Trois-Rivi\u00e8res, Saint-\u00c9tienne | Nancy Aubry<\/title>\n<meta name=\"description\" content=\"Pour joindre Nancy Aubry au bureau, voici ses coordonn\u00e9es : 2375 boul. des R\u00e9collets Trois-Rivi\u00e8res G8Z 4G1 T\u00e9l\u00e9phone : 819-373-7140.\" \/>\n<meta name=\"robots\" content=\"index, follow, max-snippet:-1, max-image-preview:large, max-video-preview:-1\" \/>\n<link rel=\"canonical\" href=\"http:\/\/nancyaubry.com\/me-contacter\/\" \/>\n<meta property=\"og:locale\" content=\"en_US\" \/>\n<meta property=\"og:type\" content=\"article\" \/>\n<meta property=\"og:title\" content=\"Courtier immobilier Trois-Rivi\u00e8res, Saint-\u00c9tienne | Nancy Aubry\" \/>\n<meta property=\"og:description\" content=\"Pour joindre Nancy Aubry au bureau, voici ses coordonn\u00e9es : 2375 boul. des R\u00e9collets Trois-Rivi\u00e8res G8Z 4G1 T\u00e9l\u00e9phone : 819-373-7140.\" \/>\n<meta property=\"og:url\" content=\"http:\/\/nancyaubry.com\/me-contacter\/\" \/>\n<meta property=\"og:site_name\" content=\"Nancy Aubry courtier immobilier\" \/>\n<meta property=\"article:publisher\" content=\"https:\/\/www.facebook.com\/NancyAubryRemax\/\" \/>\n<meta property=\"article:modified_time\" content=\"2018-05-22T20:05:25+00:00\" \/>\n<meta property=\"og:image\" content=\"https:\/\/nancyaubry.com\/files\/2025\/10\/Header_Facebook2025.png\" \/>\n<meta name=\"twitter:card\" content=\"summary_large_image\" \/>\n<meta name=\"twitter:image\" content=\"https:\/\/nancyaubry.com\/files\/2025\/10\/Header_Facebook2025.png\" \/>\n<script type=\"application\/ld+json\" class=\"yoast-schema-graph\">{\"@context\":\"https:\/\/schema.org\",\"@graph\":[{\"@type\":\"WebPage\",\"@id\":\"http:\/\/nancyaubry.com\/me-contacter\/\",\"url\":\"http:\/\/nancyaubry.com\/me-contacter\/\",\"name\":\"Courtier immobilier Trois-Rivi\u00e8res, Saint-\u00c9tienne | Nancy Aubry\",\"isPartOf\":{\"@id\":\"https:\/\/nancyaubry.com\/en\/#website\"},\"datePublished\":\"2012-05-22T20:45:12+00:00\",\"dateModified\":\"2018-05-22T20:05:25+00:00\",\"description\":\"Pour joindre Nancy Aubry au bureau, voici ses coordonn\u00e9es : 2375 boul. des R\u00e9collets Trois-Rivi\u00e8res G8Z 4G1 T\u00e9l\u00e9phone : 819-373-7140.\",\"breadcrumb\":{\"@id\":\"http:\/\/nancyaubry.com\/me-contacter\/#breadcrumb\"},\"inLanguage\":\"en-US\",\"potentialAction\":[{\"@type\":\"ReadAction\",\"target\":[\"http:\/\/nancyaubry.com\/me-contacter\/\"]}]},{\"@type\":\"BreadcrumbList\",\"@id\":\"http:\/\/nancyaubry.com\/me-contacter\/#breadcrumb\",\"itemListElement\":[{\"@type\":\"ListItem\",\"position\":1,\"name\":\"Accueil\",\"item\":\"https:\/\/nancyaubry.com\/en\/\"},{\"@type\":\"ListItem\",\"position\":2,\"name\":\"Me contacter\"}]},{\"@type\":\"WebSite\",\"@id\":\"https:\/\/nancyaubry.com\/en\/#website\",\"url\":\"https:\/\/nancyaubry.com\/en\/\",\"name\":\"Nancy Aubry courtier immobilier\",\"description\":\"Je prends votre projet en main!\",\"publisher\":{\"@id\":\"https:\/\/nancyaubry.com\/en\/#organization\"},\"potentialAction\":[{\"@type\":\"SearchAction\",\"target\":{\"@type\":\"EntryPoint\",\"urlTemplate\":\"https:\/\/nancyaubry.com\/en\/?s={search_term_string}\"},\"query-input\":{\"@type\":\"PropertyValueSpecification\",\"valueRequired\":true,\"valueName\":\"search_term_string\"}}],\"inLanguage\":\"en-US\"},{\"@type\":\"Organization\",\"@id\":\"https:\/\/nancyaubry.com\/en\/#organization\",\"name\":\"Nancy Aubry courtier immobilier\",\"url\":\"https:\/\/nancyaubry.com\/en\/\",\"logo\":{\"@type\":\"ImageObject\",\"inLanguage\":\"en-US\",\"@id\":\"https:\/\/nancyaubry.com\/en\/#\/schema\/logo\/image\/\",\"url\":\"https:\/\/nancyaubry.com\/files\/2025\/10\/Header_Facebook2025.png\",\"contentUrl\":\"https:\/\/nancyaubry.com\/files\/2025\/10\/Header_Facebook2025.png\",\"width\":1640,\"height\":624,\"caption\":\"Nancy Aubry courtier immobilier\"},\"image\":{\"@id\":\"https:\/\/nancyaubry.com\/en\/#\/schema\/logo\/image\/\"},\"sameAs\":[\"https:\/\/www.facebook.com\/NancyAubryRemax\/\",\"https:\/\/www.youtube.com\/channel\/UCi2nQQPYoiYXCxLoUUil_TA\"]}]}<\/script>\n<!-- \/ Yoast SEO plugin. -->","yoast_head_json":{"title":"Courtier immobilier Trois-Rivi\u00e8res, Saint-\u00c9tienne | Nancy Aubry","description":"Pour joindre Nancy Aubry au bureau, voici ses coordonn\u00e9es : 2375 boul. des R\u00e9collets Trois-Rivi\u00e8res G8Z 4G1 T\u00e9l\u00e9phone : 819-373-7140.","robots":{"index":"index","follow":"follow","max-snippet":"max-snippet:-1","max-image-preview":"max-image-preview:large","max-video-preview":"max-video-preview:-1"},"canonical":"http:\/\/nancyaubry.com\/me-contacter\/","og_locale":"en_US","og_type":"article","og_title":"Courtier immobilier Trois-Rivi\u00e8res, Saint-\u00c9tienne | Nancy Aubry","og_description":"Pour joindre Nancy Aubry au bureau, voici ses coordonn\u00e9es : 2375 boul. des R\u00e9collets Trois-Rivi\u00e8res G8Z 4G1 T\u00e9l\u00e9phone : 819-373-7140.","og_url":"http:\/\/nancyaubry.com\/me-contacter\/","og_site_name":"Nancy Aubry courtier immobilier","article_publisher":"https:\/\/www.facebook.com\/NancyAubryRemax\/","article_modified_time":"2018-05-22T20:05:25+00:00","og_image":[{"url":"https:\/\/nancyaubry.com\/files\/2025\/10\/Header_Facebook2025.png","type":"","width":"","height":""}],"twitter_card":"summary_large_image","twitter_image":"https:\/\/nancyaubry.com\/files\/2025\/10\/Header_Facebook2025.png","schema":{"@context":"https:\/\/schema.org","@graph":[{"@type":"WebPage","@id":"http:\/\/nancyaubry.com\/me-contacter\/","url":"http:\/\/nancyaubry.com\/me-contacter\/","name":"Courtier immobilier Trois-Rivi\u00e8res, Saint-\u00c9tienne | Nancy Aubry","isPartOf":{"@id":"https:\/\/nancyaubry.com\/en\/#website"},"datePublished":"2012-05-22T20:45:12+00:00","dateModified":"2018-05-22T20:05:25+00:00","description":"Pour joindre Nancy Aubry au bureau, voici ses coordonn\u00e9es : 2375 boul. des R\u00e9collets Trois-Rivi\u00e8res G8Z 4G1 T\u00e9l\u00e9phone : 819-373-7140.","breadcrumb":{"@id":"http:\/\/nancyaubry.com\/me-contacter\/#breadcrumb"},"inLanguage":"en-US","potentialAction":[{"@type":"ReadAction","target":["http:\/\/nancyaubry.com\/me-contacter\/"]}]},{"@type":"BreadcrumbList","@id":"http:\/\/nancyaubry.com\/me-contacter\/#breadcrumb","itemListElement":[{"@type":"ListItem","position":1,"name":"Accueil","item":"https:\/\/nancyaubry.com\/en\/"},{"@type":"ListItem","position":2,"name":"Me contacter"}]},{"@type":"WebSite","@id":"https:\/\/nancyaubry.com\/en\/#website","url":"https:\/\/nancyaubry.com\/en\/","name":"Nancy Aubry courtier immobilier","description":"Je prends votre projet en main!","publisher":{"@id":"https:\/\/nancyaubry.com\/en\/#organization"},"potentialAction":[{"@type":"SearchAction","target":{"@type":"EntryPoint","urlTemplate":"https:\/\/nancyaubry.com\/en\/?s={search_term_string}"},"query-input":{"@type":"PropertyValueSpecification","valueRequired":true,"valueName":"search_term_string"}}],"inLanguage":"en-US"},{"@type":"Organization","@id":"https:\/\/nancyaubry.com\/en\/#organization","name":"Nancy Aubry courtier immobilier","url":"https:\/\/nancyaubry.com\/en\/","logo":{"@type":"ImageObject","inLanguage":"en-US","@id":"https:\/\/nancyaubry.com\/en\/#\/schema\/logo\/image\/","url":"https:\/\/nancyaubry.com\/files\/2025\/10\/Header_Facebook2025.png","contentUrl":"https:\/\/nancyaubry.com\/files\/2025\/10\/Header_Facebook2025.png","width":1640,"height":624,"caption":"Nancy Aubry courtier immobilier"},"image":{"@id":"https:\/\/nancyaubry.com\/en\/#\/schema\/logo\/image\/"},"sameAs":["https:\/\/www.facebook.com\/NancyAubryRemax\/","https:\/\/www.youtube.com\/channel\/UCi2nQQPYoiYXCxLoUUil_TA"]}]}},"_links":{"self":[{"href":"https:\/\/nancyaubry.com\/en\/wp-json\/wp\/v2\/pages\/34","targetHints":{"allow":["GET"]}}],"collection":[{"href":"https:\/\/nancyaubry.com\/en\/wp-json\/wp\/v2\/pages"}],"about":[{"href":"https:\/\/nancyaubry.com\/en\/wp-json\/wp\/v2\/types\/page"}],"author":[{"embeddable":true,"href":"https:\/\/nancyaubry.com\/en\/wp-json\/wp\/v2\/users\/1"}],"replies":[{"embeddable":true,"href":"https:\/\/nancyaubry.com\/en\/wp-json\/wp\/v2\/comments?post=34"}],"version-history":[{"count":3,"href":"https:\/\/nancyaubry.com\/en\/wp-json\/wp\/v2\/pages\/34\/revisions"}],"predecessor-version":[{"id":861,"href":"https:\/\/nancyaubry.com\/en\/wp-json\/wp\/v2\/pages\/34\/revisions\/861"}],"wp:attachment":[{"href":"https:\/\/nancyaubry.com\/en\/wp-json\/wp\/v2\/media?parent=34"}],"curies":[{"name":"wp","href":"https:\/\/api.w.org\/{rel}","templated":true}]}}